{"id":40247,"date":"2022-04-08T13:35:12","date_gmt":"2022-04-08T13:35:12","guid":{"rendered":"https:\/\/www.italwin.it\/become-retailer\/"},"modified":"2022-09-26T11:32:32","modified_gmt":"2022-09-26T11:32:32","slug":"conviertete-en-distribuidor","status":"publish","type":"page","link":"https:\/\/www.italwin.it\/es\/conviertete-en-distribuidor\/","title":{"rendered":"Convi\u00e9rtete en distribuidor"},"content":{"rendered":"<div class=\"wpb-content-wrapper\"><p>[vc_row full_width=\u00bbstretch_row\u00bb css=\u00bb.vc_custom_1653914623515{padding-top: 900px !important;padding-bottom: 20px !important;background-image: url(https:\/\/www.italwin.it\/wp-content\/uploads\/2022\/05\/header-diventa-rivenditore.jpg?id=6222) !important;background-position: center !important;background-repeat: no-repeat !important;background-size: cover !important;}\u00bb el_class=\u00bbheader-pagina onda-bottom bg-position-80&#8243;][vc_column][\/vc_column][\/vc_row][vc_row gap=\u00bb35&#8243; content_placement=\u00bbmiddle\u00bb css=\u00bb.vc_custom_1649342544802{padding-bottom: 40px !important;}\u00bb][vc_column][vc_row_inner content_placement=\u00bbmiddle\u00bb gap=\u00bb35&#8243; el_class=\u00bbcontainer-1600&#8243; css=\u00bb.vc_custom_1649411497709{margin-bottom: 50px !important;}\u00bb][vc_column_inner css=\u00bb.vc_custom_1658831582703{padding: 0px !important;}\u00bb]<div class=\"porto-u-heading  wpb_custom_95aa9a11c17ad45cfabaf210d84ee7cc porto-u-55ca8359258f9a412be7e73af65d2aac \"><div class=\"porto-u-main-heading\"><h1  >Convi\u00e9rtete en distribuidor<\/h1><\/div><style>.porto-u-55ca8359258f9a412be7e73af65d2aac.porto-u-heading{text-align:center}<\/style><\/div>[vc_column_text css=\u00bb.vc_custom_1663234365152{margin-bottom: 20px !important;}\u00bb]<\/p>\n<h3 class=\"vc_custom_heading align-left\" style=\"text-align: center;\">\u00bfQuieres convertirte en revendedor de Wayel?<\/h3>\n<p>[\/vc_column_text][vc_column_text css=\u00bb.vc_custom_1664191971221{margin-bottom: 20px !important;}\u00bb]<\/p>\n<p style=\"text-align: center;\"><strong>\u00bfTienes una tienda de bicicletas y motos? \u00bfEres un comerciante que quiere enriquecer su oferta?<br \/>\n<\/strong>La marca ITALWIN te ofrece la oportunidad de formar parte de su equipo de distribuidores autorizados con muchas ventajas y m\u00e1rgenes de beneficio.<\/p>\n<p>[\/vc_column_text][vc_empty_space el_class=\u00bbhide-950&#8243;][\/vc_column_inner][\/vc_row_inner][vc_row_inner gap=\u00bb35&#8243; el_class=\u00bbcontainer-1600 gap-50 sezione-form\u00bb css=\u00bb.vc_custom_1649411506022{padding-top: 50px !important;}\u00bb][vc_column_inner el_class=\u00bbinfo-pagina-test-ride\u00bb width=\u00bb5\/12&#8243;][vc_column_text]<\/p>\n<h5>Convertirse en revendedor de Wayel significa:<\/h5>\n<p>[\/vc_column_text]<div class=\"porto-sicon-box  vc_custom_1664191992975  wpb_custom_1efe903570d178ff0a9b7bfa5febd3a4 style_1 default-icon\"><div class=\"porto-sicon-default\"><div class=\"porto-just-icon-wrapper porto-sicon-img  porto-icon-9f5d1cfb45d27d96b50bf473aebba227\" style=\"font-size: 50px;\"><img loading=\"lazy\" decoding=\"async\" class=\"img-icon\" alt=\"\" src=\"https:\/\/www.italwin.it\/wp-content\/uploads\/2022\/04\/1concerchio-verde-1.png\" width=\"483\" height=\"523\" \/><\/div><\/div><div class=\"porto-sicon-header\"><p>Potencia tu tienda con bicicletas el\u00e9ctricas de la hist\u00f3rica marca italiana que hizo despegar el sector de la movilidad el\u00e9ctrica ligera<\/p><\/div> <!-- header --><\/div><!-- porto-sicon-box --><div class=\"porto-sicon-box  vc_custom_1663234523111  wpb_custom_1efe903570d178ff0a9b7bfa5febd3a4 style_1 default-icon\"><div class=\"porto-sicon-default\"><div class=\"porto-just-icon-wrapper porto-sicon-img  porto-icon-9f5d1cfb45d27d96b50bf473aebba227\" style=\"font-size: 50px;\"><img loading=\"lazy\" decoding=\"async\" class=\"img-icon\" alt=\"\" src=\"https:\/\/www.italwin.it\/wp-content\/uploads\/2022\/04\/2concerchio-verde-1.png\" width=\"483\" height=\"523\" \/><\/div><\/div><div class=\"porto-sicon-header\"><p>Poder estar informado en la web oficial de Italwin, aumentando la visibilidad de tu tienda<\/p><\/div> <!-- header --><\/div><!-- porto-sicon-box --><div class=\"porto-sicon-box  vc_custom_1664192010349  wpb_custom_1efe903570d178ff0a9b7bfa5febd3a4 style_1 default-icon\"><div class=\"porto-sicon-default\"><div class=\"porto-just-icon-wrapper porto-sicon-img  porto-icon-9f5d1cfb45d27d96b50bf473aebba227\" style=\"font-size: 50px;\"><img loading=\"lazy\" decoding=\"async\" class=\"img-icon\" alt=\"\" src=\"https:\/\/www.italwin.it\/wp-content\/uploads\/2022\/04\/3concerchio-verde-1.png\" width=\"483\" height=\"523\" \/><\/div><\/div><div class=\"porto-sicon-header\"><p>Accede a cursos peri\u00f3dicos de asistencia t\u00e9cnica, organizados en nuestra sede de Bolonia<\/p><\/div> <!-- header --><\/div><!-- porto-sicon-box -->[vc_column_text el_class=\u00bbfloat-none\u00bb]Complete el formulario al costado, sin ning\u00fan compromiso, ser\u00e1 contactado por un oficial de Wayel que le mostrar\u00e1 todas las ventajas reservadas para aquellos que desean convertirse en un revendedor de Wayel.[\/vc_column_text][\/vc_column_inner][vc_column_inner width=\u00bb7\/12&#8243;]\n<div class=\"wpcf7 no-js\" id=\"wpcf7-f40251-o1\" lang=\"it-IT\" dir=\"ltr\" data-wpcf7-id=\"40251\">\n<div class=\"screen-reader-response\"><p role=\"status\" aria-live=\"polite\" aria-atomic=\"true\"><\/p> <ul><\/ul><\/div>\n<form action=\"\/es\/wp-json\/wp\/v2\/pages\/40247#wpcf7-f40251-o1\" method=\"post\" class=\"wpcf7-form init\" aria-label=\"Modulo di contatto\" novalidate=\"novalidate\" data-status=\"init\">\n<fieldset class=\"hidden-fields-container\"><input type=\"hidden\" name=\"_wpcf7\" value=\"40251\" \/><input type=\"hidden\" name=\"_wpcf7_version\" value=\"6.1.5\" \/><input type=\"hidden\" name=\"_wpcf7_locale\" value=\"it_IT\" \/><input type=\"hidden\" name=\"_wpcf7_unit_tag\" value=\"wpcf7-f40251-o1\" \/><input type=\"hidden\" name=\"_wpcf7_container_post\" value=\"0\" \/><input type=\"hidden\" name=\"_wpcf7_posted_data_hash\" value=\"\" \/><input type=\"hidden\" name=\"_wpcf7_recaptcha_response\" value=\"\" \/>\n<\/fieldset>\n<div class=\"row\">\n<div class=\"custom-contact-box contact-color-quaternary test-ride grey-version\">\n  <div class=\"custom-contact-form-style-1\">\n    <div class=\"row form-group _divider\">\n        <div class=\"col-lg-6 col-md-6\">\n          <span class=\"wpcf7-form-control-wrap\" data-name=\"your-name\"><input size=\"40\" maxlength=\"400\" class=\"wpcf7-form-control wpcf7-text wpcf7-validates-as-required\" aria-required=\"true\" aria-invalid=\"false\" placeholder=\"NOMBRE Y APELLIDO\" value=\"\" type=\"text\" name=\"your-name\" \/><\/span>\n        <\/div>\n        <div class=\"col-lg-6 col-md-6\">\n          <span class=\"wpcf7-form-control-wrap\" data-name=\"your-email\"><input size=\"40\" maxlength=\"400\" class=\"wpcf7-form-control wpcf7-email wpcf7-validates-as-required wpcf7-text wpcf7-validates-as-email\" aria-required=\"true\" aria-invalid=\"false\" placeholder=\"EMAIL\" value=\"\" type=\"email\" name=\"your-email\" \/><\/span>\n        <\/div>\n    <\/div>\n<div class=\"row form-group _divider\">\n        <div class=\"col-lg-6 col-md-6\">\n          <span class=\"wpcf7-form-control-wrap\" data-name=\"your-telefono\"><input size=\"40\" maxlength=\"400\" class=\"wpcf7-form-control wpcf7-text wpcf7-validates-as-required\" aria-required=\"true\" aria-invalid=\"false\" placeholder=\"TEL\u00c9FONO\" value=\"\" type=\"text\" name=\"your-telefono\" \/><\/span>\n        <\/div>\n        <div class=\"col-lg-6 col-md-6\">\n          <span class=\"wpcf7-form-control-wrap\" data-name=\"ragione-sociale\"><input size=\"40\" maxlength=\"400\" class=\"wpcf7-form-control wpcf7-text wpcf7-validates-as-required\" aria-required=\"true\" aria-invalid=\"false\" placeholder=\"NOMBRE COMERCIAL\" value=\"\" type=\"text\" name=\"ragione-sociale\" \/><\/span>\n        <\/div>\n    <\/div>\n<div class=\"row form-group _divider\">\n        <div class=\"col-lg-6 col-md-6\">\n          <span class=\"wpcf7-form-control-wrap\" data-name=\"partita-iva\"><input size=\"40\" maxlength=\"400\" class=\"wpcf7-form-control wpcf7-text wpcf7-validates-as-required\" aria-required=\"true\" aria-invalid=\"false\" placeholder=\"NIF-IVA\" value=\"\" type=\"text\" name=\"partita-iva\" \/><\/span>\n        <\/div>\n        <div class=\"col-lg-6 col-md-6\">\n          <span class=\"wpcf7-form-control-wrap\" data-name=\"provincia\"><input size=\"40\" maxlength=\"400\" class=\"wpcf7-form-control wpcf7-text wpcf7-validates-as-required\" aria-required=\"true\" aria-invalid=\"false\" placeholder=\"PA\u00cdS\" value=\"\" type=\"text\" name=\"provincia\" \/><\/span>\n        <\/div>\n    <\/div>\n\t\n<div class=\"row form-group\">\n        <div class=\"col-lg-12\" style=\"margin:20px 0;\">\n<span class=\"wpcf7-form-control-wrap\" data-name=\"acceptance-281\"><span class=\"wpcf7-form-control wpcf7-acceptance\"><span class=\"wpcf7-list-item\"><label><input type=\"checkbox\" name=\"acceptance-281\" value=\"1\" aria-invalid=\"false\" \/><span class=\"wpcf7-list-item-label\">Declaro haber le\u00eddo y aceptado <a href=\"\/es\/privacy-policy-cookies\/\" target=\"_blanck\">la informaci\u00f3n sobre el procesamiento de los datos personales.<\/a><\/span><\/label><\/span><\/span><\/span>\n<p style=\"margin-top:10px;\"><strong>Tambi\u00e9n otorgo mi consentimiento para los siguientes fines:<\/strong><\/p> <p class=\"testo\">La realizaci\u00f3n por parte del Titular, a trav\u00e9s de correo electr\u00f3nico, SMS, correo postal o contacto telef\u00f3nico, de actividades comerciales, promocionales y publicitarias.<\/p>\n<span class=\"wpcf7-form-control-wrap\" data-name=\"consenso-a\"><span class=\"wpcf7-form-control wpcf7-checkbox wpcf7-validates-as-required wpcf7-exclusive-checkbox\"><span class=\"wpcf7-list-item first\"><input type=\"checkbox\" name=\"consenso-a\" value=\"Si\" \/><span class=\"wpcf7-list-item-label\">Si<\/span><\/span><span class=\"wpcf7-list-item last\"><input type=\"checkbox\" name=\"consenso-a\" value=\"No\" \/><span class=\"wpcf7-list-item-label\">No<\/span><\/span><\/span><\/span> <p class=\"testo\">La comunicaci\u00f3n de los datos a empresas externas que realizar\u00e1n actividades independientes comerciales, promocionales y publicitarias.<\/p>\n<span class=\"wpcf7-form-control-wrap\" data-name=\"consenso-b\"><span class=\"wpcf7-form-control wpcf7-checkbox wpcf7-validates-as-required wpcf7-exclusive-checkbox\"><span class=\"wpcf7-list-item first\"><input type=\"checkbox\" name=\"consenso-b\" value=\"Si\" \/><span class=\"wpcf7-list-item-label\">Si<\/span><\/span><span class=\"wpcf7-list-item last\"><input type=\"checkbox\" name=\"consenso-b\" value=\"No\" \/><span class=\"wpcf7-list-item-label\">No<\/span><\/span><\/span><\/span>\n        <\/div>\n    <\/div>\n    <div class=\"row\">\n      <div class=\"col-lg-12\">\n        <input class=\"wpcf7-form-control wpcf7-submit has-spinner custom-btn-style-2\" type=\"submit\" value=\"ENVIAR\" \/>\n      <\/div>\n    <\/div>\n  <\/div>\n<\/div>\n<\/div><div class=\"wpcf7-response-output\" aria-hidden=\"true\"><\/div>\n<\/form>\n<\/div>\n[\/vc_column_inner][\/vc_row_inner][\/vc_column][\/vc_row][vc_row css=\u00bb.vc_custom_1649342764900{margin-top: 0px !important;margin-right: 0px !important;margin-bottom: 0px !important;margin-left: 0px !important;padding-top: 0px !important;padding-right: 0px !important;padding-bottom: 0px !important;padding-left: 0px !important;}\u00bb el_class=\u00bbbox-test-ride\u00bb][vc_column][vc_widget_sidebar sidebar_id=\u00bbsecondary-sidebar\u00bb][\/vc_column][\/vc_row]<\/p>\n<\/div>","protected":false},"excerpt":{"rendered":"<p>[vc_row full_width=\u00bbstretch_row\u00bb css=\u00bb.vc_custom_1653914623515{padding-top: 900px !important;padding-bottom: 20px !important;background-image: url(https:\/\/www.italwin.it\/wp-content\/uploads\/2022\/05\/header-diventa-rivenditore.jpg?id=6222) !important;background-position: center !important;background-repeat: no-repeat !important;background-size: cover !important;}\u00bb el_class=\u00bbheader-pagina onda-bottom bg-position-80&#8243;][vc_column][\/vc_column][\/vc_row][vc_row gap=\u00bb35&#8243; content_placement=\u00bbmiddle\u00bb css=\u00bb.vc_custom_1649342544802{padding-bottom: 40px !important;}\u00bb][vc_column][vc_row_inner content_placement=\u00bbmiddle\u00bb gap=\u00bb35&#8243; el_class=\u00bbcontainer-1600&#8243; css=\u00bb.vc_custom_1649411497709{margin-bottom: 50px !important;}\u00bb][vc_column_inner css=\u00bb.vc_custom_1658831582703{padding: 0px !important;}\u00bb][vc_column_text css=\u00bb.vc_custom_1663234365152{margin-bottom: 20px !important;}\u00bb] \u00bfQuieres convertirte en revendedor de Wayel? [\/vc_column_text][vc_column_text css=\u00bb.vc_custom_1664191971221{margin-bottom: 20px !important;}\u00bb] \u00bfTienes una tienda de bicicletas y motos? \u00bfEres un comerciante [&hellip;]<\/p>\n","protected":false},"author":1,"featured_media":0,"parent":0,"menu_order":0,"comment_status":"closed","ping_status":"closed","template":"","meta":{"inline_featured_image":false,"footnotes":""},"class_list":["post-40247","page","type-page","status-publish","hentry"],"_links":{"self":[{"href":"https:\/\/www.italwin.it\/es\/wp-json\/wp\/v2\/pages\/40247","targetHints":{"allow":["GET"]}}],"collection":[{"href":"https:\/\/www.italwin.it\/es\/wp-json\/wp\/v2\/pages"}],"about":[{"href":"https:\/\/www.italwin.it\/es\/wp-json\/wp\/v2\/types\/page"}],"author":[{"embeddable":true,"href":"https:\/\/www.italwin.it\/es\/wp-json\/wp\/v2\/users\/1"}],"replies":[{"embeddable":true,"href":"https:\/\/www.italwin.it\/es\/wp-json\/wp\/v2\/comments?post=40247"}],"version-history":[{"count":6,"href":"https:\/\/www.italwin.it\/es\/wp-json\/wp\/v2\/pages\/40247\/revisions"}],"predecessor-version":[{"id":40656,"href":"https:\/\/www.italwin.it\/es\/wp-json\/wp\/v2\/pages\/40247\/revisions\/40656"}],"wp:attachment":[{"href":"https:\/\/www.italwin.it\/es\/wp-json\/wp\/v2\/media?parent=40247"}],"curies":[{"name":"wp","href":"https:\/\/api.w.org\/{rel}","templated":true}]}}