{"id":40259,"date":"2022-03-16T14:03:34","date_gmt":"2022-03-16T14:03:34","guid":{"rendered":"https:\/\/www.italwin.it\/company\/"},"modified":"2022-09-26T11:37:00","modified_gmt":"2022-09-26T11:37:00","slug":"empresa","status":"publish","type":"page","link":"https:\/\/www.italwin.it\/es\/empresa\/","title":{"rendered":"Empresa"},"content":{"rendered":"<div class=\"wpb-content-wrapper\"><p>[vc_row full_width=\u00bbstretch_row\u00bb css=\u00bb.vc_custom_1650960268512{padding-top: 900px !important;padding-bottom: 20px !important;background-image: url(https:\/\/www.italwin.it\/wp-content\/uploads\/2022\/03\/header-azienda-2a.jpg?id=3661) !important;background-position: center !important;background-repeat: no-repeat !important;background-size: cover !important;}\u00bb el_class=\u00bbheader-pagina onda-bottom bg-position-30&#8243;][vc_column][\/vc_column][\/vc_row][vc_row gap=\u00bb35&#8243; content_placement=\u00bbmiddle\u00bb css=\u00bb.vc_custom_1647512773676{padding-bottom: 40px !important;}\u00bb][vc_column][vc_row_inner content_placement=\u00bbmiddle\u00bb gap=\u00bb35&#8243; el_class=\u00bbcontainer-1600 gap-50&#8243;][vc_column_inner]<div class=\"porto-u-heading  wpb_custom_95aa9a11c17ad45cfabaf210d84ee7cc porto-u-55ca8359258f9a412be7e73af65d2aac \"><div class=\"porto-u-main-heading\"><h1  >Empresa<\/h1><\/div><style>.porto-u-55ca8359258f9a412be7e73af65d2aac.porto-u-heading{text-align:center}<\/style><\/div>[\/vc_column_inner][\/vc_row_inner][vc_row_inner content_placement=\u00bbmiddle\u00bb gap=\u00bb35&#8243; el_class=\u00bbcontainer-1600 gap-50&#8243;][vc_column_inner width=\u00bb1\/2&#8243;][vc_column_text]<\/p>\n<h2>La hist\u00f3rica marca italiana fabricante de bicicletas el\u00e9ctricas<\/h2>\n<p>A partir de una peque\u00f1a f\u00e1brica en Veneto, ITALWIN se ha convertido con el tiempo en sin\u00f3nimo de calidad Made in Italy. Un referente fiable, cada vez m\u00e1s l\u00edder en el mundo de la movilidad el\u00e9ctrica. <strong>Las e-bikes ITALWIN son una buena opci\u00f3n para aquellos que quieren moverse dentro y fuera de la ciudad de forma econ\u00f3mica, divertida, en forma y sin contaminar el medio ambiente<\/strong>.<\/p>\n<p>Adem\u00e1s de la calidad de los componentes y la innovaci\u00f3n tecnol\u00f3gica, ITALWIN se ha centrado en el estilo de sus modelos, el departamento de dise\u00f1o busca constantemente soluciones innovadoras para aplicar a las bicicletas el\u00e9ctricas: los colores y los componentes se coordinan para modelos siempre en tendencia, colecci\u00f3n despu\u00e9s de la colecci\u00f3n.<\/p>\n<p>La calidad y fiabilidad de la marca ITALWIN se reflejan en la eficiente <strong>red de distribuidores especializados<\/strong>, capaces de garantizar un servicio de gu\u00eda decompra cualificado y una asistencia postventa impecable.[\/vc_column_text][\/vc_column_inner][vc_column_inner width=\u00bb1\/2&#8243; css=\u00bb.vc_custom_1647513239080{background-position: center !important;background-repeat: no-repeat !important;background-size: contain !important;}\u00bb][vc_single_image image=\u00bb3245&#8243; img_size=\u00bbfull\u00bb alignment=\u00bbcenter\u00bb css=\u00bb.vc_custom_1647513233565{background-image: url(https:\/\/www.italwin.it\/wp-content\/uploads\/2022\/02\/cerchio-grigio.png?id=3244) !important;background-position: center !important;background-repeat: no-repeat !important;background-size: contain !important;}\u00bb][\/vc_column_inner][\/vc_row_inner][vc_row_inner content_placement=\u00bbmiddle\u00bb gap=\u00bb35&#8243; el_class=\u00bbcontainer-1600 gap-50 made-italy\u00bb][vc_column_inner width=\u00bb1\/2&#8243;][vc_single_image image=\u00bb3686&#8243; img_size=\u00bb600&#215;600&#8243; alignment=\u00bbcenter\u00bb][\/vc_column_inner][vc_column_inner width=\u00bb1\/2&#8243;][vc_column_text]<\/p>\n<h2>Made in Italy<\/h2>\n<p>Desde 2016, ITALWIN forma parte del Grupo FIVE &#8211; Fabbrica Italiana Veicoli Elettrici &#8211; de Bolonia, la realidad de producci\u00f3n de veh\u00edculos el\u00e9ctricos en la que se fusionan el <strong>made in Italy y la innovaci\u00f3n tecnol\u00f3gica<\/strong>.<\/p>\n<p>FIVE construida sobre una superficie de unos 7000 metros cuadrados, funciona en l\u00f3gica nZEB (edificio de energ\u00eda casi nula): es un edificio energ\u00e9ticamente autosuficiente, con un sistema fotovoltaico en el techo capaz de liberar unos 257.000 kW\/h al a\u00f1o para garantizar s\u00f3lo la iluminaci\u00f3n y el confort de vida, sino tambi\u00e9n la energ\u00eda necesaria para su producci\u00f3n industrial.<br \/>\nA pleno rendimiento, la f\u00e1brica tendr\u00e1 una capacidad <strong>de producci\u00f3n de 35.000 veh\u00edculos el\u00e9ctricos al a\u00f1o<\/strong>.[\/vc_column_text][\/vc_column_inner][\/vc_row_inner][\/vc_column][\/vc_row][vc_row full_width=\u00bbstretch_row\u00bb equal_height=\u00bbyes\u00bb content_placement=\u00bbmiddle\u00bb css=\u00bb.vc_custom_1658829086219{background-image: url(https:\/\/www.italwin.it\/wp-content\/uploads\/2022\/03\/bg-cielo.jpg?id=3640) !important;background-position: center !important;background-repeat: no-repeat !important;background-size: cover !important;}\u00bb el_id=\u00bbmission\u00bb][vc_column width=\u00bb2\/3&#8243; css=\u00bb.vc_custom_1649748654136{padding-top: 70px !important;padding-bottom: 70px !important;padding-left: 50px !important;}\u00bb][vc_column_text el_class=\u00bbmission\u00bb]<strong>Italwin construye la movilidad sostenible del futuro.<\/strong><\/p>\n<p>Cada a\u00f1o elevamos nuestras bicicletas el\u00e9ctricas a un nivel superior de calidad, seleccionando los mejores componentes para garantizar un producto duradero, seguro y agradable de conducir.<br \/>\nEl bienestar de la persona y del medio ambiente est\u00e1n en el coraz\u00f3n de nuestra filosof\u00eda, la f\u00f3rmula que nos permite tener \u00e9xito en un mercado en auge.<br \/>\nDescubre nuestros modelos, su car\u00e1cter y su personalizaciones: \u00bfest\u00e1s listo para empezar?[\/vc_column_text][\/vc_column][vc_column width=\u00bb1\/3&#8243; remove_padding_bottom=\u00bbyes\u00bb css=\u00bb.vc_custom_1647447212286{margin-bottom: 0px !important;border-bottom-width: 0px !important;padding-top: 60px !important;padding-bottom: 0px !important;}\u00bb el_class=\u00bbposition-bottom\u00bb][vc_single_image image=\u00bb3641&#8243; img_size=\u00bb500&#215;590&#8243; alignment=\u00bbcenter\u00bb css=\u00bb.vc_custom_1647446302416{margin-bottom: 0px !important;border-bottom-width: 0px !important;padding-bottom: 0px !important;}\u00bb][\/vc_column][\/vc_row][vc_row full_width=\u00bbstretch_row\u00bb css=\u00bb.vc_custom_1650960791879{margin-top: 0px !important;padding-top: 80px !important;padding-bottom: 80px !important;background-color: #eeeeee !important;}\u00bb el_id=\u00bbloghi-azienda\u00bb][vc_column][vc_row_inner el_class=\u00bbgap-80&#8243;][vc_column_inner width=\u00bb1\/2&#8243;]<div class=\"porto-sicon-box  wpb_custom_1efe903570d178ff0a9b7bfa5febd3a4 style_1 default-icon\"><div class=\"porto-sicon-default\"><div class=\"porto-just-icon-wrapper porto-sicon-img  porto-icon-9f5d1cfb45d27d96b50bf473aebba227\" style=\"font-size: 100px;margin-right:50px;\"><img loading=\"lazy\" decoding=\"async\" class=\"img-icon\" alt=\"\" src=\"https:\/\/www.italwin.it\/wp-content\/uploads\/2022\/02\/chi-siamo-logo-ducati.png\" width=\"100\" height=\"107\" \/><\/div><\/div><div class=\"porto-sicon-header\"><h3 class=\"porto-sicon-title\" style=\"\">Estilo y Dise\u00f1o<\/h3><p>Adem\u00e1s de la calidad de los componentes y la innovaci\u00f3n tecnol\u00f3gica, ITALWIN se ha centrado en el estilo y dise\u00f1o de sus modelos. Algunos de ellos, de hecho, nacieron de la estrecha colaboraci\u00f3n con prestigiosas marcas italianas. En 2009, naci\u00f3 una l\u00ednea de bicicletas el\u00e9ctricas de la asociaci\u00f3n con DUCATI, una s\u00edntesis de formas, tecnolog\u00eda, ecosostenibilidad e innovaci\u00f3n.<\/p><\/div> <!-- header --><\/div><!-- porto-sicon-box -->[\/vc_column_inner][vc_column_inner width=\u00bb1\/2&#8243;]<div class=\"porto-sicon-box  wpb_custom_1efe903570d178ff0a9b7bfa5febd3a4 style_1 default-icon\"><div class=\"porto-sicon-default\"><div class=\"porto-just-icon-wrapper porto-sicon-img  porto-icon-9f5d1cfb45d27d96b50bf473aebba227\" style=\"font-size: 100px;margin-right:50px;\"><img loading=\"lazy\" decoding=\"async\" class=\"img-icon\" alt=\"\" src=\"https:\/\/www.italwin.it\/wp-content\/uploads\/2022\/02\/chi-siamo-img-catalogo.png\" width=\"100\" height=\"107\" \/><\/div><\/div><div class=\"porto-sicon-header\"><h3 class=\"porto-sicon-title\" style=\"\">Libertad de movimiento<\/h3><p>El cat\u00e1logo de bicicletas el\u00e9ctricas de ITALWIN resume todas las diferentes necesidades de movilidad que puede expresar una bicicleta el\u00e9ctrica. Al permitirle elegir la relaci\u00f3n entre la asistencia el\u00e9ctrica y el esfuerzo muscular, las bicicletas ITALWIN se adaptan a las necesidades f\u00edsicas y pr\u00e1cticas de quienes, todos los d\u00edas, eligen la libertad de movimiento con un veh\u00edculo italiano, \u00e1gil y no contaminante.<\/p><\/div> <!-- header --><\/div><!-- porto-sicon-box -->[\/vc_column_inner][\/vc_row_inner][\/vc_column][\/vc_row]<\/p>\n<\/div>","protected":false},"excerpt":{"rendered":"<p>[vc_row full_width=\u00bbstretch_row\u00bb css=\u00bb.vc_custom_1650960268512{padding-top: 900px !important;padding-bottom: 20px !important;background-image: url(https:\/\/www.italwin.it\/wp-content\/uploads\/2022\/03\/header-azienda-2a.jpg?id=3661) !important;background-position: center !important;background-repeat: no-repeat !important;background-size: cover !important;}\u00bb el_class=\u00bbheader-pagina onda-bottom bg-position-30&#8243;][vc_column][\/vc_column][\/vc_row][vc_row gap=\u00bb35&#8243; content_placement=\u00bbmiddle\u00bb css=\u00bb.vc_custom_1647512773676{padding-bottom: 40px !important;}\u00bb][vc_column][vc_row_inner content_placement=\u00bbmiddle\u00bb gap=\u00bb35&#8243; el_class=\u00bbcontainer-1600 gap-50&#8243;][vc_column_inner][\/vc_column_inner][\/vc_row_inner][vc_row_inner content_placement=\u00bbmiddle\u00bb gap=\u00bb35&#8243; el_class=\u00bbcontainer-1600 gap-50&#8243;][vc_column_inner width=\u00bb1\/2&#8243;][vc_column_text] La hist\u00f3rica marca italiana fabricante de bicicletas el\u00e9ctricas A partir de una peque\u00f1a f\u00e1brica en Veneto, ITALWIN se ha convertido con el tiempo [&hellip;]<\/p>\n","protected":false},"author":1,"featured_media":0,"parent":0,"menu_order":0,"comment_status":"closed","ping_status":"closed","template":"","meta":{"inline_featured_image":false,"footnotes":""},"class_list":["post-40259","page","type-page","status-publish","hentry"],"_links":{"self":[{"href":"https:\/\/www.italwin.it\/es\/wp-json\/wp\/v2\/pages\/40259","targetHints":{"allow":["GET"]}}],"collection":[{"href":"https:\/\/www.italwin.it\/es\/wp-json\/wp\/v2\/pages"}],"about":[{"href":"https:\/\/www.italwin.it\/es\/wp-json\/wp\/v2\/types\/page"}],"author":[{"embeddable":true,"href":"https:\/\/www.italwin.it\/es\/wp-json\/wp\/v2\/users\/1"}],"replies":[{"embeddable":true,"href":"https:\/\/www.italwin.it\/es\/wp-json\/wp\/v2\/comments?post=40259"}],"version-history":[{"count":5,"href":"https:\/\/www.italwin.it\/es\/wp-json\/wp\/v2\/pages\/40259\/revisions"}],"predecessor-version":[{"id":40658,"href":"https:\/\/www.italwin.it\/es\/wp-json\/wp\/v2\/pages\/40259\/revisions\/40658"}],"wp:attachment":[{"href":"https:\/\/www.italwin.it\/es\/wp-json\/wp\/v2\/media?parent=40259"}],"curies":[{"name":"wp","href":"https:\/\/api.w.org\/{rel}","templated":true}]}}