{"id":40268,"date":"2022-03-01T10:46:45","date_gmt":"2022-03-01T10:46:45","guid":{"rendered":"https:\/\/www.italwin.it\/contactos\/"},"modified":"2022-09-26T11:38:33","modified_gmt":"2022-09-26T11:38:33","slug":"contactos","status":"publish","type":"page","link":"https:\/\/www.italwin.it\/es\/contactos\/","title":{"rendered":"Contactos"},"content":{"rendered":"<div class=\"wpb-content-wrapper\"><p>[vc_row full_width=\u00bbstretch_row\u00bb css=\u00bb.vc_custom_1653916651595{padding-top: 900px !important;padding-bottom: 20px !important;background-image: url(https:\/\/www.italwin.it\/wp-content\/uploads\/2022\/05\/header-contatti.jpg?id=6234) !important;background-position: center !important;background-repeat: no-repeat !important;background-size: cover !important;}\u00bb el_class=\u00bbheader-pagina onda-bottom bg-position-70&#8243;][vc_column][\/vc_column][\/vc_row][vc_row gap=\u00bb35&#8243; content_placement=\u00bbmiddle\u00bb css=\u00bb.vc_custom_1649342544802{padding-bottom: 40px !important;}\u00bb][vc_column][vc_row_inner content_placement=\u00bbmiddle\u00bb gap=\u00bb35&#8243; el_class=\u00bbcontainer-1600 gap-50&#8243; css=\u00bb.vc_custom_1649342594423{margin-bottom: 50px !important;}\u00bb][vc_column_inner]<div class=\"porto-u-heading  wpb_custom_95aa9a11c17ad45cfabaf210d84ee7cc porto-u-55ca8359258f9a412be7e73af65d2aac \"><div class=\"porto-u-main-heading\"><h1  >Contactos<\/h1><\/div><style>.porto-u-55ca8359258f9a412be7e73af65d2aac.porto-u-heading{text-align:center}<\/style><\/div>[vc_empty_space][\/vc_column_inner][\/vc_row_inner][vc_row_inner gap=\u00bb35&#8243; el_class=\u00bbcontainer-1600 gap-50&#8243; css=\u00bb.vc_custom_1649342624967{padding-top: 50px !important;}\u00bb][vc_column_inner width=\u00bb5\/12&#8243;][vc_single_image image=\u00bb3232&#8243; img_size=\u00bbfull\u00bb][vc_column_text]Via Cerodolo, 4 \u2013 40138 Bologna<br \/>\n<a href=\"mailto:info@italwin.it\">info@italwin.it<\/a><br \/>\nIVA:\u00a0 03326931205<\/p>\n<p>Para obtener asistencia sobre modelos anteriores a 2016 y producidos por la gerencia anterior de Italwin, comun\u00edquese con la siguiente direcci\u00f3n:\u00a0<a href=\"tel:+393516564039\">+39 351 65 64 039<\/a>[\/vc_column_text][\/vc_column_inner][vc_column_inner width=\u00bb7\/12&#8243;][vc_column_text css=\u00bb.vc_custom_1663244151310{margin-bottom: 20px !important;}\u00bb]<\/p>\n<h3 class=\"vc_custom_heading align-left\">\u00bfNo encontraste lo que buscabas?<\/h3>\n<p>[\/vc_column_text][vc_column_text css=\u00bb.vc_custom_1663244169079{margin-bottom: 20px !important;}\u00bb]Si necesitas<strong> m\u00e1s informaci\u00f3n<\/strong> sobre nuestras bicicletas el\u00e9ctricas y todos nuestros productos, puedes rellenar el siguiente formulario, \u00a1ser\u00e1s contactado lo antes posible![\/vc_column_text]\n<div class=\"wpcf7 no-js\" id=\"wpcf7-f40264-o1\" lang=\"it-IT\" dir=\"ltr\" data-wpcf7-id=\"40264\">\n<div class=\"screen-reader-response\"><p role=\"status\" aria-live=\"polite\" aria-atomic=\"true\"><\/p> <ul><\/ul><\/div>\n<form action=\"\/es\/wp-json\/wp\/v2\/pages\/40268#wpcf7-f40264-o1\" method=\"post\" class=\"wpcf7-form init\" aria-label=\"Modulo di contatto\" novalidate=\"novalidate\" data-status=\"init\">\n<fieldset class=\"hidden-fields-container\"><input type=\"hidden\" name=\"_wpcf7\" value=\"40264\" \/><input type=\"hidden\" name=\"_wpcf7_version\" value=\"6.1.5\" \/><input type=\"hidden\" name=\"_wpcf7_locale\" value=\"it_IT\" \/><input type=\"hidden\" name=\"_wpcf7_unit_tag\" value=\"wpcf7-f40264-o1\" \/><input type=\"hidden\" name=\"_wpcf7_container_post\" value=\"0\" \/><input type=\"hidden\" name=\"_wpcf7_posted_data_hash\" value=\"\" \/><input type=\"hidden\" name=\"_wpcf7_recaptcha_response\" value=\"\" \/>\n<\/fieldset>\n<div class=\"row\">\n<div class=\"custom-contact-box contact-color-quaternary contattaci grey-version\">\n  <div class=\"custom-contact-form-style-1\">\n    <div class=\"row form-group nobordertop\">\n        <div class=\"col-lg-6 col-md-6\">\n          <span class=\"wpcf7-form-control-wrap\" data-name=\"your-name\"><input size=\"40\" maxlength=\"400\" class=\"wpcf7-form-control wpcf7-text wpcf7-validates-as-required\" aria-required=\"true\" aria-invalid=\"false\" placeholder=\"NOMBRE\" value=\"\" type=\"text\" name=\"your-name\" \/><\/span>\n        <\/div>\n<div class=\"col-lg-6 col-md-6\">\n          <span class=\"wpcf7-form-control-wrap\" data-name=\"your-surname\"><input size=\"40\" maxlength=\"400\" class=\"wpcf7-form-control wpcf7-text wpcf7-validates-as-required\" aria-required=\"true\" aria-invalid=\"false\" placeholder=\"APELLIDO\" value=\"\" type=\"text\" name=\"your-surname\" \/><\/span>\n        <\/div>\n    <\/div>\n<div class=\"row form-group _divider\">\n<div class=\"col-lg-6 col-md-6\">\n          <span class=\"wpcf7-form-control-wrap\" data-name=\"your-email\"><input size=\"40\" maxlength=\"400\" class=\"wpcf7-form-control wpcf7-email wpcf7-validates-as-required wpcf7-text wpcf7-validates-as-email\" aria-required=\"true\" aria-invalid=\"false\" placeholder=\"EMAIL\" value=\"\" type=\"email\" name=\"your-email\" \/><\/span>\n        <\/div>\n        <div class=\"col-lg-6 col-md-6\">\n          <span class=\"wpcf7-form-control-wrap\" data-name=\"your-telefono\"><input size=\"40\" maxlength=\"400\" class=\"wpcf7-form-control wpcf7-text wpcf7-validates-as-required\" aria-required=\"true\" aria-invalid=\"false\" placeholder=\"TEL\u00c9FONO\" value=\"\" type=\"text\" name=\"your-telefono\" \/><\/span>\n        <\/div>\n    <\/div>\n<div class=\"row form-group _divider\">\n\t<div class=\"col-lg-6 col-md-6\">\n          <span class=\"wpcf7-form-control-wrap\" data-name=\"comune\"><input size=\"40\" maxlength=\"400\" class=\"wpcf7-form-control wpcf7-text wpcf7-validates-as-required\" aria-required=\"true\" aria-invalid=\"false\" placeholder=\"PA\u00cdS\" value=\"\" type=\"text\" name=\"comune\" \/><\/span>\n        <\/div>\n        <div class=\"col-lg-6 col-md-6\">\n          <span class=\"wpcf7-form-control-wrap\" data-name=\"your-cap\"><input size=\"40\" maxlength=\"400\" class=\"wpcf7-form-control wpcf7-text wpcf7-validates-as-required\" aria-required=\"true\" aria-invalid=\"false\" placeholder=\"C\u00d3DIGO POSTAL\" value=\"\" type=\"text\" name=\"your-cap\" \/><\/span>\n        <\/div>\n    <\/div>\n    <div class=\"row form-group\">\n        <div class=\"col-lg-12 col-md-12\">\n          <span class=\"wpcf7-form-control-wrap\" data-name=\"your-messaggio\"><textarea cols=\"40\" rows=\"6\" maxlength=\"2000\" class=\"wpcf7-form-control wpcf7-textarea wpcf7-validates-as-required\" aria-required=\"true\" aria-invalid=\"false\" placeholder=\"MENSAJE\" name=\"your-messaggio\"><\/textarea><\/span>\n        <\/div>\n    <\/div>\n<div class=\"row form-group\">\n        <div class=\"col-lg-12\" style=\"margin:20px 0;\">\n<span class=\"wpcf7-form-control-wrap\" data-name=\"acceptance-281\"><span class=\"wpcf7-form-control wpcf7-acceptance\"><span class=\"wpcf7-list-item\"><label><input type=\"checkbox\" name=\"acceptance-281\" value=\"1\" aria-invalid=\"false\" \/><span class=\"wpcf7-list-item-label\">Declaro haber le\u00eddo y aceptado <a href=\"\/es\/privacy-policy-cookies\/\" target=\"_blanck\">la informaci\u00f3n sobre el procesamiento de los datos personales.<\/a><\/span><\/label><\/span><\/span><\/span>\n<p style=\"margin-top:10px;\"><strong>Tambi\u00e9n otorgo mi consentimiento para los siguientes fines:<\/strong><\/p> <p class=\"testo\">La realizaci\u00f3n por parte del Titular, a trav\u00e9s de correo electr\u00f3nico, SMS, correo postal o contacto telef\u00f3nico, de actividades comerciales, promocionales y publicitarias.<\/p>\n<span class=\"wpcf7-form-control-wrap\" data-name=\"consenso-a\"><span class=\"wpcf7-form-control wpcf7-checkbox wpcf7-validates-as-required wpcf7-exclusive-checkbox\"><span class=\"wpcf7-list-item first\"><input type=\"checkbox\" name=\"consenso-a\" value=\"Si\" \/><span class=\"wpcf7-list-item-label\">Si<\/span><\/span><span class=\"wpcf7-list-item last\"><input type=\"checkbox\" name=\"consenso-a\" value=\"No\" \/><span class=\"wpcf7-list-item-label\">No<\/span><\/span><\/span><\/span> <p class=\"testo\">La comunicaci\u00f3n de los datos a empresas externas que realizar\u00e1n actividades independientes comerciales, promocionales y publicitarias.<\/p>\n<span class=\"wpcf7-form-control-wrap\" data-name=\"consenso-b\"><span class=\"wpcf7-form-control wpcf7-checkbox wpcf7-validates-as-required wpcf7-exclusive-checkbox\"><span class=\"wpcf7-list-item first\"><input type=\"checkbox\" name=\"consenso-b\" value=\"Si\" \/><span class=\"wpcf7-list-item-label\">Si<\/span><\/span><span class=\"wpcf7-list-item last\"><input type=\"checkbox\" name=\"consenso-b\" value=\"No\" \/><span class=\"wpcf7-list-item-label\">No<\/span><\/span><\/span><\/span>\n        <\/div>\n    <\/div>\n    <div class=\"row\">\n      <div class=\"col-lg-12\">\n\n        <input class=\"wpcf7-form-control wpcf7-submit has-spinner custom-btn-style-2\" type=\"submit\" value=\"enviar\" \/>\n      <\/div>\n    <\/div>\n  <\/div>\n<\/div>\n<\/div><div class=\"wpcf7-response-output\" aria-hidden=\"true\"><\/div>\n<\/form>\n<\/div>\n[\/vc_column_inner][\/vc_row_inner][\/vc_column][\/vc_row][vc_row css=\u00bb.vc_custom_1649342764900{margin-top: 0px !important;margin-right: 0px !important;margin-bottom: 0px !important;margin-left: 0px !important;padding-top: 0px !important;padding-right: 0px !important;padding-bottom: 0px !important;padding-left: 0px !important;}\u00bb el_class=\u00bbbox-test-ride\u00bb][vc_column][vc_widget_sidebar sidebar_id=\u00bbsecondary-sidebar\u00bb][\/vc_column][\/vc_row]<\/p>\n<\/div>","protected":false},"excerpt":{"rendered":"<p>[vc_row full_width=\u00bbstretch_row\u00bb css=\u00bb.vc_custom_1653916651595{padding-top: 900px !important;padding-bottom: 20px !important;background-image: url(https:\/\/www.italwin.it\/wp-content\/uploads\/2022\/05\/header-contatti.jpg?id=6234) !important;background-position: center !important;background-repeat: no-repeat !important;background-size: cover !important;}\u00bb el_class=\u00bbheader-pagina onda-bottom bg-position-70&#8243;][vc_column][\/vc_column][\/vc_row][vc_row gap=\u00bb35&#8243; content_placement=\u00bbmiddle\u00bb css=\u00bb.vc_custom_1649342544802{padding-bottom: 40px !important;}\u00bb][vc_column][vc_row_inner content_placement=\u00bbmiddle\u00bb gap=\u00bb35&#8243; el_class=\u00bbcontainer-1600 gap-50&#8243; css=\u00bb.vc_custom_1649342594423{margin-bottom: 50px !important;}\u00bb][vc_column_inner][vc_empty_space][\/vc_column_inner][\/vc_row_inner][vc_row_inner gap=\u00bb35&#8243; el_class=\u00bbcontainer-1600 gap-50&#8243; css=\u00bb.vc_custom_1649342624967{padding-top: 50px !important;}\u00bb][vc_column_inner width=\u00bb5\/12&#8243;][vc_single_image image=\u00bb3232&#8243; img_size=\u00bbfull\u00bb][vc_column_text]Via Cerodolo, 4 \u2013 40138 Bologna info@italwin.it IVA:\u00a0 03326931205 Para obtener asistencia sobre modelos anteriores a 2016 [&hellip;]<\/p>\n","protected":false},"author":1,"featured_media":0,"parent":0,"menu_order":0,"comment_status":"closed","ping_status":"closed","template":"","meta":{"inline_featured_image":false,"footnotes":""},"class_list":["post-40268","page","type-page","status-publish","hentry"],"_links":{"self":[{"href":"https:\/\/www.italwin.it\/es\/wp-json\/wp\/v2\/pages\/40268","targetHints":{"allow":["GET"]}}],"collection":[{"href":"https:\/\/www.italwin.it\/es\/wp-json\/wp\/v2\/pages"}],"about":[{"href":"https:\/\/www.italwin.it\/es\/wp-json\/wp\/v2\/types\/page"}],"author":[{"embeddable":true,"href":"https:\/\/www.italwin.it\/es\/wp-json\/wp\/v2\/users\/1"}],"replies":[{"embeddable":true,"href":"https:\/\/www.italwin.it\/es\/wp-json\/wp\/v2\/comments?post=40268"}],"version-history":[{"count":2,"href":"https:\/\/www.italwin.it\/es\/wp-json\/wp\/v2\/pages\/40268\/revisions"}],"predecessor-version":[{"id":40659,"href":"https:\/\/www.italwin.it\/es\/wp-json\/wp\/v2\/pages\/40268\/revisions\/40659"}],"wp:attachment":[{"href":"https:\/\/www.italwin.it\/es\/wp-json\/wp\/v2\/media?parent=40268"}],"curies":[{"name":"wp","href":"https:\/\/api.w.org\/{rel}","templated":true}]}}