{"id":40299,"date":"2022-04-12T13:26:25","date_gmt":"2022-04-12T13:26:25","guid":{"rendered":"https:\/\/www.italwin.it\/quality-and-warranty\/"},"modified":"2022-09-26T12:12:40","modified_gmt":"2022-09-26T12:12:40","slug":"calidad-y-garantia","status":"publish","type":"page","link":"https:\/\/www.italwin.it\/es\/calidad-y-garantia\/","title":{"rendered":"Calidad y Garant\u00eda"},"content":{"rendered":"<div class=\"wpb-content-wrapper\"><p>[vc_row full_width=\u00bbstretch_row\u00bb css=\u00bb.vc_custom_1653914148123{padding-top: 900px !important;padding-bottom: 20px !important;background-image: url(https:\/\/www.italwin.it\/wp-content\/uploads\/2022\/05\/header-qualita.jpg?id=6218) !important;background-position: center !important;background-repeat: no-repeat !important;background-size: cover !important;}\u00bb el_class=\u00bbheader-pagina onda-bottom\u00bb][vc_column][\/vc_column][\/vc_row][vc_row gap=\u00bb35&#8243; content_placement=\u00bbmiddle\u00bb css=\u00bb.vc_custom_1658829351999{padding-top: 0px !important;padding-right: 0px !important;padding-bottom: 0px !important;padding-left: 0px !important;}\u00bb][vc_column css=\u00bb.vc_custom_1658829364872{padding-top: 0px !important;padding-right: 0px !important;padding-bottom: 0px !important;padding-left: 0px !important;}\u00bb][vc_row_inner content_placement=\u00bbmiddle\u00bb gap=\u00bb35&#8243; el_class=\u00bbcontainer-1600 max-width-1000&#8243; css=\u00bb.vc_custom_1649770903392{margin-bottom: 0px !important;padding-bottom: 0px !important;}\u00bb][vc_column_inner]<div class=\"porto-u-heading  wpb_custom_95aa9a11c17ad45cfabaf210d84ee7cc porto-u-55ca8359258f9a412be7e73af65d2aac \"><div class=\"porto-u-main-heading\"><h1  >Calidad y Garant\u00eda<\/h1><\/div><style>.porto-u-55ca8359258f9a412be7e73af65d2aac.porto-u-heading{text-align:center}<\/style><\/div>[vc_column_text css=\u00bb.vc_custom_1664194357400{margin-bottom: 20px !important;}\u00bb]<\/p>\n<h3 style=\"text-align: center;\">Altos est\u00e1ndares de calidad y controles precisos<\/h3>\n<p style=\"text-align: center;\"><strong>La marca Italwin ha decidido anclarse firmemente en los pilares de la calidad<\/strong><\/p>\n<p style=\"text-align: center;\">Un valor que se materializa en la producci\u00f3n de bicicletas el\u00e9ctricas, en la disponibilidad de miles de piezas en el almac\u00e9n de repuestos, en el servicio pre y post venta, en el tratamiento de materiales y componentes. Los est\u00e1ndares de calidad son altos porque cada bicicleta el\u00e9ctrica fabricada se somete a controles cuidadosos que confirman y certifican su plena funcionalidad.<\/p>\n<p>[\/vc_column_text][\/vc_column_inner][\/vc_row_inner][\/vc_column][\/vc_row][vc_row gap=\u00bb35&#8243; content_placement=\u00bbmiddle\u00bb css=\u00bb.vc_custom_1649672152961{margin-top: 0px !important;margin-right: 0px !important;margin-bottom: 0px !important;margin-left: 0px !important;padding-top: 0px !important;padding-right: 0px !important;padding-bottom: 0px !important;padding-left: 0px !important;}\u00bb][vc_column][vc_row_inner content_placement=\u00bbmiddle\u00bb gap=\u00bb35&#8243; el_class=\u00bbcontainer-1600 max-width-1000&#8243; css=\u00bb.vc_custom_1649672089461{margin: 0px !important;padding: 0px !important;border: 0px initial !important;}\u00bb][vc_column_inner][vc_single_image image=\u00bb5793&#8243; img_size=\u00bbfull\u00bb alignment=\u00bbcenter\u00bb css=\u00bb.vc_custom_1649770200253{margin-top: 0px !important;margin-right: 0px !important;margin-bottom: 0px !important;margin-left: 0px !important;padding-top: 0px !important;padding-right: 0px !important;padding-bottom: 0px !important;padding-left: 0px !important;}\u00bb][\/vc_column_inner][\/vc_row_inner][\/vc_column][\/vc_row][vc_row gap=\u00bb35&#8243; content_placement=\u00bbmiddle\u00bb css=\u00bb.vc_custom_1649770866229{padding-top: 110px !important;padding-bottom: 40px !important;background-color: #eeeeee !important;}\u00bb el_class=\u00bbcaratteristiche-noleggio\u00bb][vc_column][vc_row_inner content_placement=\u00bbmiddle\u00bb gap=\u00bb35&#8243; el_class=\u00bbcontainer-1600&#8243; css=\u00bb.vc_custom_1649671812339{margin-bottom: 50px !important;}\u00bb][vc_column_inner width=\u00bb1\/4&#8243;][\/vc_column_inner][vc_column_inner width=\u00bb1\/2&#8243;]<div class=\"porto-sicon-box  wpb_custom_1efe903570d178ff0a9b7bfa5febd3a4 style_1 top-icon\"><div class=\"porto-sicon-top\"><div class=\"porto-just-icon-wrapper porto-sicon-img  porto-icon-9f5d1cfb45d27d96b50bf473aebba227\" style=\"font-size: 50px;\"><img loading=\"lazy\" decoding=\"async\" class=\"img-icon\" alt=\"\" src=\"https:\/\/www.italwin.it\/wp-content\/uploads\/2022\/04\/normativa.svg\" width=\"1\" height=\"1\" \/><\/div><\/div><div class=\"porto-sicon-header\"><h3 class=\"porto-sicon-title\" style=\"\">Bicicleta el\u00e9ctrica de acuerdo con la ley<\/h3><\/div> <!-- header --><div class=\"porto-sicon-description\" style=\"\">Las bicicletas el\u00e9ctricas ITALWIN cumplen perfectamente con la definici\u00f3n de bicicletas asistidas por pedales contenida en la ley del 3 de febrero de 2003, n. 14, publicado en el Diario Oficial No. 31 del 7 de febrero de 2003.<\/p>\n<h3 style=\"font-size: 1em; font-weight: 400; text-transform: none; line-height: 1.2;\">Las bicicletas el\u00e9ctricas ITALWIN cumplen con la norma europea EN 15194 y marcado CE<\/h3>\n<p><\/div> <!-- description --><\/div><!-- porto-sicon-box -->[vc_single_image image=\u00bb5944&#8243; img_size=\u00bb50&#215;34&#8243; alignment=\u00bbcenter\u00bb][\/vc_column_inner][vc_column_inner width=\u00bb1\/4&#8243;][\/vc_column_inner][\/vc_row_inner][vc_row_inner content_placement=\u00bbmiddle\u00bb gap=\u00bb35&#8243; disable_element=\u00bbyes\u00bb el_class=\u00bbcontainer-1600&#8243; css=\u00bb.vc_custom_1658909363420{margin-bottom: 50px !important;}\u00bb][vc_column_inner width=\u00bb1\/2&#8243;]<div class=\"porto-sicon-box  wpb_custom_1efe903570d178ff0a9b7bfa5febd3a4 style_1 top-icon\"><div class=\"porto-sicon-top\"><div class=\"porto-just-icon-wrapper porto-sicon-img  porto-icon-9f5d1cfb45d27d96b50bf473aebba227\" style=\"font-size: 50px;\"><img loading=\"lazy\" decoding=\"async\" class=\"img-icon\" alt=\"\" src=\"https:\/\/www.italwin.it\/wp-content\/uploads\/2022\/03\/bici.svg\" width=\"1\" height=\"1\" \/><\/div><\/div><div class=\"porto-sicon-header\"><h3 class=\"porto-sicon-title\" style=\"\">Garanzia biciclette elettriche<\/h3><\/div> <!-- header --><div class=\"porto-sicon-description\" style=\"\">La garanzia delle biciclette elettriche a marchio\u00a0<strong>ITALWIN<\/strong>\u00a0\u00e8 della durata di<strong>\u00a024 mesi<\/strong>\u00a0a partire dalla data di acquisto, ed \u00e8 valida per tutti i guasti dovuti a difetti di fabbricazione. Per usufruire della garanzia \u00e8 necessario esibire il documento fiscale riportante la data certa di acquisto presso il rivenditore dove \u00e8 stata comprata la bicicletta elettrica.<\/p>\n<p>Italwin ti d\u00e0 inoltre la possibilit\u00e0 di\u00a0<strong><a href=\"https:\/\/www.italwin.it\/wp-content\/uploads\/2021\/03\/ESTENSIONE-GARANZIA.pdf\" target=\"_blank\" rel=\"noopener\">estendere la garanzia fino 3 anni dalla data d\u2019acquisto!<\/a>\u00a0<\/strong>Per acquistare il servizio, registrati su\u00a0<strong><a href=\"http:\/\/www.five-service.it\/iscrizioneClienti\" target=\"_blank\" rel=\"noopener\">five-service.it.<\/a><\/strong><\/div> <!-- description --><\/div><!-- porto-sicon-box -->[\/vc_column_inner][vc_column_inner width=\u00bb1\/2&#8243;]<div class=\"porto-sicon-box  wpb_custom_1efe903570d178ff0a9b7bfa5febd3a4 style_1 top-icon\"><div class=\"porto-sicon-top\"><div class=\"porto-just-icon-wrapper porto-sicon-img  porto-icon-9f5d1cfb45d27d96b50bf473aebba227\" style=\"font-size: 50px;\"><img loading=\"lazy\" decoding=\"async\" class=\"img-icon\" alt=\"\" src=\"https:\/\/www.italwin.it\/wp-content\/uploads\/2022\/04\/batteria.svg\" width=\"1\" height=\"1\" \/><\/div><\/div><div class=\"porto-sicon-header\"><h3 class=\"porto-sicon-title\" style=\"\">Garanzia batterie<\/h3><\/div> <!-- header --><div class=\"porto-sicon-description\" style=\"\">Tutte le batterie di cui sono dotate le bici elettriche ITALWIN sono garantite da difetti di fabbricazione per 24 mesi sia sulle parti di consumo (celle) sia sulle parti elettriche, in caso di impiego e stivaggio secondo le istruzioni relative,<strong>\u00a0<a href=\"https:\/\/www.italwin.it\/wp-content\/uploads\/2021\/03\/ESTENSIONE-GARANZIA.pdf\" target=\"_blank\" rel=\"noopener\">con possibilit\u00e0 di estensione fino a 5 anni dalla data dell\u2019acquisto<\/a>.<\/strong><br \/>\nPer acquistare il servizio registrati su\u00a0<strong><a href=\"http:\/\/www.five-service.it\/iscrizioneClienti\" target=\"_blank\" rel=\"noopener\">five-service.it<\/a>.<\/strong><\/p>\n<p>Tale garanzia non \u00e8 valida nel caso di batterie utilizzate in modo diverso dalle prescrizioni specificate nelle istruzioni d\u2019uso, consegnate di norma unitamente alla bicicletta all\u2019atto di vendita.<\/div> <!-- description --><\/div><!-- porto-sicon-box -->[\/vc_column_inner][\/vc_row_inner][\/vc_column][\/vc_row][vc_row css=\u00bb.vc_custom_1649342764900{margin-top: 0px !important;margin-right: 0px !important;margin-bottom: 0px !important;margin-left: 0px !important;padding-top: 0px !important;padding-right: 0px !important;padding-bottom: 0px !important;padding-left: 0px !important;}\u00bb el_class=\u00bbbox-test-ride\u00bb][vc_column][vc_widget_sidebar sidebar_id=\u00bbsecondary-sidebar\u00bb][\/vc_column][\/vc_row]<\/p>\n<\/div>","protected":false},"excerpt":{"rendered":"<p>[vc_row full_width=\u00bbstretch_row\u00bb css=\u00bb.vc_custom_1653914148123{padding-top: 900px !important;padding-bottom: 20px !important;background-image: url(https:\/\/www.italwin.it\/wp-content\/uploads\/2022\/05\/header-qualita.jpg?id=6218) !important;background-position: center !important;background-repeat: no-repeat !important;background-size: cover !important;}\u00bb el_class=\u00bbheader-pagina onda-bottom\u00bb][vc_column][\/vc_column][\/vc_row][vc_row gap=\u00bb35&#8243; content_placement=\u00bbmiddle\u00bb css=\u00bb.vc_custom_1658829351999{padding-top: 0px !important;padding-right: 0px !important;padding-bottom: 0px !important;padding-left: 0px !important;}\u00bb][vc_column css=\u00bb.vc_custom_1658829364872{padding-top: 0px !important;padding-right: 0px !important;padding-bottom: 0px !important;padding-left: 0px !important;}\u00bb][vc_row_inner content_placement=\u00bbmiddle\u00bb gap=\u00bb35&#8243; el_class=\u00bbcontainer-1600 max-width-1000&#8243; css=\u00bb.vc_custom_1649770903392{margin-bottom: 0px !important;padding-bottom: 0px !important;}\u00bb][vc_column_inner][vc_column_text css=\u00bb.vc_custom_1664194357400{margin-bottom: 20px !important;}\u00bb] Altos est\u00e1ndares de calidad y controles [&hellip;]<\/p>\n","protected":false},"author":1,"featured_media":0,"parent":0,"menu_order":0,"comment_status":"closed","ping_status":"closed","template":"","meta":{"inline_featured_image":false,"footnotes":""},"class_list":["post-40299","page","type-page","status-publish","hentry"],"_links":{"self":[{"href":"https:\/\/www.italwin.it\/es\/wp-json\/wp\/v2\/pages\/40299","targetHints":{"allow":["GET"]}}],"collection":[{"href":"https:\/\/www.italwin.it\/es\/wp-json\/wp\/v2\/pages"}],"about":[{"href":"https:\/\/www.italwin.it\/es\/wp-json\/wp\/v2\/types\/page"}],"author":[{"embeddable":true,"href":"https:\/\/www.italwin.it\/es\/wp-json\/wp\/v2\/users\/1"}],"replies":[{"embeddable":true,"href":"https:\/\/www.italwin.it\/es\/wp-json\/wp\/v2\/comments?post=40299"}],"version-history":[{"count":4,"href":"https:\/\/www.italwin.it\/es\/wp-json\/wp\/v2\/pages\/40299\/revisions"}],"predecessor-version":[{"id":40665,"href":"https:\/\/www.italwin.it\/es\/wp-json\/wp\/v2\/pages\/40299\/revisions\/40665"}],"wp:attachment":[{"href":"https:\/\/www.italwin.it\/es\/wp-json\/wp\/v2\/media?parent=40299"}],"curies":[{"name":"wp","href":"https:\/\/api.w.org\/{rel}","templated":true}]}}